{"id":2435,"date":"2017-12-21T19:16:55","date_gmt":"2017-12-21T17:16:55","guid":{"rendered":"http:\/\/www.madridlicencias.com\/blog\/?page_id=2435"},"modified":"2017-12-26T17:35:09","modified_gmt":"2017-12-26T15:35:09","slug":"presupuesto","status":"publish","type":"page","link":"https:\/\/www.madridlicencias.com\/blog\/presupuesto\/","title":{"rendered":"Presupuesto"},"content":{"rendered":"<hr \/>\n<h4>Contacto<\/h4>\n<div class=\"cols-wrapper cols-3\">\n<div class=\"col\"><strong>Madrid<\/strong> <i class=\"fa fa-map-marker\" aria-hidden=\"true\"><\/i> C\/ Don Felipe 11, cp-28004<\/div>\n<div class=\"col\">Tel\u00e9fono:\u00a0<strong> 655 &#8211; 03 &#8211; 44 &#8211; 55<\/strong><\/div>\n<div class=\"col nomargin\">Email: <strong><a href=\"mailto:info@madridlicencias.com\"><i class=\"fa fa-envelope\" aria-hidden=\"true\"><\/i> info@madridlicencias.com<\/a><\/strong><\/div>\n<\/div>\n<hr \/>\n<h4>Formulario de contacto<\/h4>\n<div>Facil\u00edtenos sus datos junto con la descripci\u00f3n del tipo de servicio que precisa y nuestro personal se pondr\u00e1 en contacto con usted facilit\u00e1ndole un presupuesto\u00a0<strong>gratuito<\/strong>\u00a0sin compromiso alguno.<\/div>\n<div>Para ello puede ponerse en contacto con nosotros en el n\u00famero de tel\u00e9fono\u00a0<strong>655-03-44-55<\/strong>\u00a0(de L-V 9:00 a 20:00), mandarnos un correo electr\u00f3nico a\u00a0<strong>info@madridlicencias.com<\/strong>\u00a0o rellenar el siguiente\u00a0<strong>formulario<\/strong>:<\/div>\n\n<div class=\"wpcf7 no-js\" id=\"wpcf7-f2434-o1\" lang=\"es-ES\" dir=\"ltr\" data-wpcf7-id=\"2434\">\n<div class=\"screen-reader-response\"><p role=\"status\" aria-live=\"polite\" aria-atomic=\"true\"><\/p> <ul><\/ul><\/div>\n<form action=\"\/blog\/wp-json\/wp\/v2\/pages\/2435#wpcf7-f2434-o1\" method=\"post\" class=\"wpcf7-form init\" aria-label=\"Formulario de contacto\" novalidate=\"novalidate\" data-status=\"init\">\n<fieldset class=\"hidden-fields-container\"><input type=\"hidden\" name=\"_wpcf7\" value=\"2434\" \/><input type=\"hidden\" name=\"_wpcf7_version\" value=\"6.1.5\" \/><input type=\"hidden\" name=\"_wpcf7_locale\" value=\"es_ES\" \/><input type=\"hidden\" name=\"_wpcf7_unit_tag\" value=\"wpcf7-f2434-o1\" \/><input type=\"hidden\" name=\"_wpcf7_container_post\" value=\"0\" \/><input type=\"hidden\" name=\"_wpcf7_posted_data_hash\" value=\"\" \/><input type=\"hidden\" name=\"_wpcf7_recaptcha_response\" value=\"\" \/>\n<\/fieldset>\n<p><label> Nombre y apellidos:<br \/>\n<span class=\"wpcf7-form-control-wrap\" data-name=\"your-name\"><input size=\"40\" maxlength=\"400\" class=\"wpcf7-form-control wpcf7-text wpcf7-validates-as-required\" aria-required=\"true\" aria-invalid=\"false\" value=\"\" type=\"text\" name=\"your-name\" \/><\/span> <\/label>\n<\/p>\n<p><label> Direcci\u00f3n completa del inmueble (con c\u00f3digo postal):<br \/>\n<span class=\"wpcf7-form-control-wrap\" data-name=\"direccion\"><input size=\"40\" maxlength=\"400\" class=\"wpcf7-form-control wpcf7-text wpcf7-validates-as-required\" aria-required=\"true\" aria-invalid=\"false\" value=\"\" type=\"text\" name=\"direccion\" \/><\/span> <\/label>\n<\/p>\n<p><label> Tel\u00e9fono de contacto:<br \/>\n<span class=\"wpcf7-form-control-wrap\" data-name=\"tel-558\"><input size=\"40\" maxlength=\"400\" class=\"wpcf7-form-control wpcf7-tel wpcf7-validates-as-required wpcf7-text wpcf7-validates-as-tel\" aria-required=\"true\" aria-invalid=\"false\" value=\"\" type=\"tel\" name=\"tel-558\" \/><\/span> <\/label>\n<\/p>\n<p><label> Email (donde le enviaremos el presupuesto en firme):<br \/>\n<span class=\"wpcf7-form-control-wrap\" data-name=\"your-email\"><input size=\"40\" maxlength=\"400\" class=\"wpcf7-form-control wpcf7-email wpcf7-validates-as-required wpcf7-text wpcf7-validates-as-email\" aria-required=\"true\" aria-invalid=\"false\" value=\"\" type=\"email\" name=\"your-email\" \/><\/span> <\/label>\n<\/p>\n<p><label> Mensaje o descripci\u00f3n del inmueble (uso al que se destinar\u00e1, superficie...):<br \/>\n<span class=\"wpcf7-form-control-wrap\" data-name=\"your-message\"><textarea cols=\"40\" rows=\"10\" maxlength=\"2000\" class=\"wpcf7-form-control wpcf7-textarea wpcf7-validates-as-required\" aria-required=\"true\" aria-invalid=\"false\" name=\"your-message\"><\/textarea><\/span> <\/label>\n<\/p>\n\n<p><input class=\"wpcf7-form-control wpcf7-submit has-spinner\" type=\"submit\" value=\"Enviar\" \/>\n<\/p><p style=\"display: none !important;\" class=\"akismet-fields-container\" data-prefix=\"_wpcf7_ak_\"><label>&#916;<textarea name=\"_wpcf7_ak_hp_textarea\" cols=\"45\" rows=\"8\" maxlength=\"100\"><\/textarea><\/label><input type=\"hidden\" id=\"ak_js_1\" name=\"_wpcf7_ak_js\" value=\"220\"\/><script>document.getElementById( \"ak_js_1\" ).setAttribute( \"value\", ( new Date() ).getTime() );<\/script><\/p><div class=\"wpcf7-response-output\" aria-hidden=\"true\"><\/div>\n<\/form>\n<\/div>\n\n","protected":false},"excerpt":{"rendered":"<p>Contacto Madrid C\/ Don Felipe 11, cp-28004 Tel\u00e9fono:\u00a0 655 &#8211; 03 &#8211; 44 &#8211; 55 Email: info@madridlicencias.com Formulario de contacto [&hellip;]<\/p>\n","protected":false},"author":1,"featured_media":0,"parent":0,"menu_order":0,"comment_status":"closed","ping_status":"closed","template":"template-full-custom.php","meta":{"rop_custom_images_group":[],"rop_custom_messages_group":[],"rop_publish_now":"initial","rop_publish_now_accounts":{"twitter_17708481_17708481":""},"rop_publish_now_history":[],"rop_publish_now_status":"pending","footnotes":""},"class_list":["post-2435","page","type-page","status-publish","hentry"],"yoast_head":"<!-- This site is optimized with the Yoast SEO plugin v27.3 - https:\/\/yoast.com\/product\/yoast-seo-wordpress\/ -->\n<title>Presupuesto - Licencias de Apertura y Actividad<\/title>\n<meta name=\"robots\" content=\"index, follow, max-snippet:-1, max-image-preview:large, max-video-preview:-1\" \/>\n<link rel=\"canonical\" href=\"https:\/\/www.madridlicencias.com\/blog\/presupuesto\/\" \/>\n<meta property=\"og:locale\" content=\"es_ES\" \/>\n<meta property=\"og:type\" content=\"article\" \/>\n<meta property=\"og:title\" content=\"Presupuesto - Licencias de Apertura y Actividad\" \/>\n<meta property=\"og:description\" content=\"Contacto Madrid C\/ Don Felipe 11, cp-28004 Tel\u00e9fono:\u00a0 655 &#8211; 03 &#8211; 44 &#8211; 55 Email: info@madridlicencias.com Formulario de contacto [&hellip;]\" \/>\n<meta property=\"og:url\" content=\"https:\/\/www.madridlicencias.com\/blog\/presupuesto\/\" \/>\n<meta property=\"og:site_name\" content=\"Licencias de Apertura y Actividad\" \/>\n<meta property=\"article:publisher\" content=\"https:\/\/www.facebook.com\/ArquitectosVillanueva\" \/>\n<meta property=\"article:modified_time\" content=\"2017-12-26T15:35:09+00:00\" \/>\n<meta name=\"twitter:card\" content=\"summary_large_image\" \/>\n<meta name=\"twitter:site\" content=\"@gorkavillanueva\" \/>\n<script type=\"application\/ld+json\" class=\"yoast-schema-graph\">{\"@context\":\"https:\\\/\\\/schema.org\",\"@graph\":[{\"@type\":\"WebPage\",\"@id\":\"https:\\\/\\\/www.madridlicencias.com\\\/blog\\\/presupuesto\\\/\",\"url\":\"https:\\\/\\\/www.madridlicencias.com\\\/blog\\\/presupuesto\\\/\",\"name\":\"Presupuesto - Licencias de Apertura y Actividad\",\"isPartOf\":{\"@id\":\"https:\\\/\\\/www.madridlicencias.com\\\/blog\\\/#website\"},\"datePublished\":\"2017-12-21T17:16:55+00:00\",\"dateModified\":\"2017-12-26T15:35:09+00:00\",\"breadcrumb\":{\"@id\":\"https:\\\/\\\/www.madridlicencias.com\\\/blog\\\/presupuesto\\\/#breadcrumb\"},\"inLanguage\":\"es\",\"potentialAction\":[{\"@type\":\"ReadAction\",\"target\":[\"https:\\\/\\\/www.madridlicencias.com\\\/blog\\\/presupuesto\\\/\"]}]},{\"@type\":\"BreadcrumbList\",\"@id\":\"https:\\\/\\\/www.madridlicencias.com\\\/blog\\\/presupuesto\\\/#breadcrumb\",\"itemListElement\":[{\"@type\":\"ListItem\",\"position\":1,\"name\":\"Portada\",\"item\":\"https:\\\/\\\/www.madridlicencias.com\\\/blog\\\/\"},{\"@type\":\"ListItem\",\"position\":2,\"name\":\"Presupuesto\"}]},{\"@type\":\"WebSite\",\"@id\":\"https:\\\/\\\/www.madridlicencias.com\\\/blog\\\/#website\",\"url\":\"https:\\\/\\\/www.madridlicencias.com\\\/blog\\\/\",\"name\":\"Licencias de Apertura y Actividad\",\"description\":\"Especializados en la tramitaci\u00f3n de licencias de actividad, licencias de apertura y declaraciones responsables. Resolvemos todas tus dudas sobre c\u00f3mo obtener tu licencia de funcionamiento y gestionar los tr\u00e1mites con el Ayuntamiento. Somos expertos en la gesti\u00f3n de aperturas de negocios. Este espacio est\u00e1 dise\u00f1ado para guiarte en el complejo mundo de las licencias de actividad y la burocracia urban\u00edstica. Aqu\u00ed encontrar\u00e1s an\u00e1lisis de normativa, gu\u00edas de procedimiento y ejemplos pr\u00e1cticos para tu negocio o local. Convierte tu proyecto en realidad con informaci\u00f3n t\u00e9cnica actualizada y fiable.\",\"publisher\":{\"@id\":\"https:\\\/\\\/www.madridlicencias.com\\\/blog\\\/#\\\/schema\\\/person\\\/33c4a38b2dfdf1309dd9a667d142c13c\"},\"potentialAction\":[{\"@type\":\"SearchAction\",\"target\":{\"@type\":\"EntryPoint\",\"urlTemplate\":\"https:\\\/\\\/www.madridlicencias.com\\\/blog\\\/?s={search_term_string}\"},\"query-input\":{\"@type\":\"PropertyValueSpecification\",\"valueRequired\":true,\"valueName\":\"search_term_string\"}}],\"inLanguage\":\"es\"},{\"@type\":[\"Person\",\"Organization\"],\"@id\":\"https:\\\/\\\/www.madridlicencias.com\\\/blog\\\/#\\\/schema\\\/person\\\/33c4a38b2dfdf1309dd9a667d142c13c\",\"name\":\"Gorka Villanueva\",\"image\":{\"@type\":\"ImageObject\",\"inLanguage\":\"es\",\"@id\":\"https:\\\/\\\/secure.gravatar.com\\\/avatar\\\/2b22df0b555528a455bd6d7a4d62706746a36d31559440cca3a43072b34ff7ad?s=96&d=mm&r=g\",\"url\":\"https:\\\/\\\/secure.gravatar.com\\\/avatar\\\/2b22df0b555528a455bd6d7a4d62706746a36d31559440cca3a43072b34ff7ad?s=96&d=mm&r=g\",\"contentUrl\":\"https:\\\/\\\/secure.gravatar.com\\\/avatar\\\/2b22df0b555528a455bd6d7a4d62706746a36d31559440cca3a43072b34ff7ad?s=96&d=mm&r=g\",\"caption\":\"Gorka Villanueva\"},\"logo\":{\"@id\":\"https:\\\/\\\/secure.gravatar.com\\\/avatar\\\/2b22df0b555528a455bd6d7a4d62706746a36d31559440cca3a43072b34ff7ad?s=96&d=mm&r=g\"},\"sameAs\":[\"http:\\\/\\\/www.madridlicencias.com\",\"https:\\\/\\\/www.facebook.com\\\/ArquitectosVillanueva\",\"https:\\\/\\\/www.linkedin.com\\\/in\\\/gorkavilla\\\/\"]}]}<\/script>\n<!-- \/ Yoast SEO plugin. -->","yoast_head_json":{"title":"Presupuesto - Licencias de Apertura y Actividad","robots":{"index":"index","follow":"follow","max-snippet":"max-snippet:-1","max-image-preview":"max-image-preview:large","max-video-preview":"max-video-preview:-1"},"canonical":"https:\/\/www.madridlicencias.com\/blog\/presupuesto\/","og_locale":"es_ES","og_type":"article","og_title":"Presupuesto - Licencias de Apertura y Actividad","og_description":"Contacto Madrid C\/ Don Felipe 11, cp-28004 Tel\u00e9fono:\u00a0 655 &#8211; 03 &#8211; 44 &#8211; 55 Email: info@madridlicencias.com Formulario de contacto [&hellip;]","og_url":"https:\/\/www.madridlicencias.com\/blog\/presupuesto\/","og_site_name":"Licencias de Apertura y Actividad","article_publisher":"https:\/\/www.facebook.com\/ArquitectosVillanueva","article_modified_time":"2017-12-26T15:35:09+00:00","twitter_card":"summary_large_image","twitter_site":"@gorkavillanueva","schema":{"@context":"https:\/\/schema.org","@graph":[{"@type":"WebPage","@id":"https:\/\/www.madridlicencias.com\/blog\/presupuesto\/","url":"https:\/\/www.madridlicencias.com\/blog\/presupuesto\/","name":"Presupuesto - Licencias de Apertura y Actividad","isPartOf":{"@id":"https:\/\/www.madridlicencias.com\/blog\/#website"},"datePublished":"2017-12-21T17:16:55+00:00","dateModified":"2017-12-26T15:35:09+00:00","breadcrumb":{"@id":"https:\/\/www.madridlicencias.com\/blog\/presupuesto\/#breadcrumb"},"inLanguage":"es","potentialAction":[{"@type":"ReadAction","target":["https:\/\/www.madridlicencias.com\/blog\/presupuesto\/"]}]},{"@type":"BreadcrumbList","@id":"https:\/\/www.madridlicencias.com\/blog\/presupuesto\/#breadcrumb","itemListElement":[{"@type":"ListItem","position":1,"name":"Portada","item":"https:\/\/www.madridlicencias.com\/blog\/"},{"@type":"ListItem","position":2,"name":"Presupuesto"}]},{"@type":"WebSite","@id":"https:\/\/www.madridlicencias.com\/blog\/#website","url":"https:\/\/www.madridlicencias.com\/blog\/","name":"Licencias de Apertura y Actividad","description":"Especializados en la tramitaci\u00f3n de licencias de actividad, licencias de apertura y declaraciones responsables. Resolvemos todas tus dudas sobre c\u00f3mo obtener tu licencia de funcionamiento y gestionar los tr\u00e1mites con el Ayuntamiento. Somos expertos en la gesti\u00f3n de aperturas de negocios. Este espacio est\u00e1 dise\u00f1ado para guiarte en el complejo mundo de las licencias de actividad y la burocracia urban\u00edstica. Aqu\u00ed encontrar\u00e1s an\u00e1lisis de normativa, gu\u00edas de procedimiento y ejemplos pr\u00e1cticos para tu negocio o local. Convierte tu proyecto en realidad con informaci\u00f3n t\u00e9cnica actualizada y fiable.","publisher":{"@id":"https:\/\/www.madridlicencias.com\/blog\/#\/schema\/person\/33c4a38b2dfdf1309dd9a667d142c13c"},"potentialAction":[{"@type":"SearchAction","target":{"@type":"EntryPoint","urlTemplate":"https:\/\/www.madridlicencias.com\/blog\/?s={search_term_string}"},"query-input":{"@type":"PropertyValueSpecification","valueRequired":true,"valueName":"search_term_string"}}],"inLanguage":"es"},{"@type":["Person","Organization"],"@id":"https:\/\/www.madridlicencias.com\/blog\/#\/schema\/person\/33c4a38b2dfdf1309dd9a667d142c13c","name":"Gorka Villanueva","image":{"@type":"ImageObject","inLanguage":"es","@id":"https:\/\/secure.gravatar.com\/avatar\/2b22df0b555528a455bd6d7a4d62706746a36d31559440cca3a43072b34ff7ad?s=96&d=mm&r=g","url":"https:\/\/secure.gravatar.com\/avatar\/2b22df0b555528a455bd6d7a4d62706746a36d31559440cca3a43072b34ff7ad?s=96&d=mm&r=g","contentUrl":"https:\/\/secure.gravatar.com\/avatar\/2b22df0b555528a455bd6d7a4d62706746a36d31559440cca3a43072b34ff7ad?s=96&d=mm&r=g","caption":"Gorka Villanueva"},"logo":{"@id":"https:\/\/secure.gravatar.com\/avatar\/2b22df0b555528a455bd6d7a4d62706746a36d31559440cca3a43072b34ff7ad?s=96&d=mm&r=g"},"sameAs":["http:\/\/www.madridlicencias.com","https:\/\/www.facebook.com\/ArquitectosVillanueva","https:\/\/www.linkedin.com\/in\/gorkavilla\/"]}]}},"_links":{"self":[{"href":"https:\/\/www.madridlicencias.com\/blog\/wp-json\/wp\/v2\/pages\/2435","targetHints":{"allow":["GET"]}}],"collection":[{"href":"https:\/\/www.madridlicencias.com\/blog\/wp-json\/wp\/v2\/pages"}],"about":[{"href":"https:\/\/www.madridlicencias.com\/blog\/wp-json\/wp\/v2\/types\/page"}],"author":[{"embeddable":true,"href":"https:\/\/www.madridlicencias.com\/blog\/wp-json\/wp\/v2\/users\/1"}],"replies":[{"embeddable":true,"href":"https:\/\/www.madridlicencias.com\/blog\/wp-json\/wp\/v2\/comments?post=2435"}],"version-history":[{"count":2,"href":"https:\/\/www.madridlicencias.com\/blog\/wp-json\/wp\/v2\/pages\/2435\/revisions"}],"predecessor-version":[{"id":2441,"href":"https:\/\/www.madridlicencias.com\/blog\/wp-json\/wp\/v2\/pages\/2435\/revisions\/2441"}],"wp:attachment":[{"href":"https:\/\/www.madridlicencias.com\/blog\/wp-json\/wp\/v2\/media?parent=2435"}],"curies":[{"name":"wp","href":"https:\/\/api.w.org\/{rel}","templated":true}]}}